{"id":37,"date":"2018-05-10T19:03:45","date_gmt":"2018-05-10T19:03:45","guid":{"rendered":"http:\/\/www.luisterend-hart.nl\/?page_id=37"},"modified":"2025-12-31T14:35:02","modified_gmt":"2025-12-31T14:35:02","slug":"welke-healings-heb-ik-te-bieden","status":"publish","type":"page","link":"https:\/\/www.luisterend-hart.nl\/?page_id=37","title":{"rendered":"Healingmethodes"},"content":{"rendered":"<p>In 2006 ben ik uit nieuwsgierigheid met mijn broer Marcel naar een cursus Intu\u00eftieve Ontwikkeling en Spiritualiteit gegaan. Daar leren magnetiseren, aura&#8217;s lezen, intu\u00eftief tekenen, psychometrie. Het zaadje was geplant. Ik was ge\u00efnteresseerd in meer.<br \/>\nDoor de jaren heen heb ik diverse workshops, cursussen en opleidingen gevolgd, ik combineer de\u00a0 technieken waar het kan met elkaar.<\/p>\n<p>Alles is bedoeld om het hoofd zoveel mogelijk te legen en ontspanning in het lijf te cre\u00ebren. Bij extreme klachten raad ik aan om een arts te bezoeken, ik kan pijn verlichten, ontspanning geven, maar geen wonderen verrichten.<br \/>\nEen energetische healing kan gecombineerd worden met testbuisjes, edelstenen, net wat goed voelt en op dat moment nodig is. Na een kort gesprek weet ik wat op dat moment nodig is.<\/p>\n<p>Vind je dat allemaal abrcadabra en wil je gewoon een fijne behandeling met diverse olietjes? Ook dat kan!\u00a0 Met symphony of the cells krijg je een fijne lichte massage waarin de olietjes elkaar aanvullen en jij ontspannen de deur weer uitgaat!<\/p>\n<p>Op maandag van 09.00-17.00 uur Verlengde Lageweg 19 Hoorn Mixgebouw ingang 1<\/p>\n","protected":false},"excerpt":{"rendered":"<p>In 2006 ben ik uit nieuwsgierigheid met mijn broer Marcel naar een cursus Intu\u00eftieve Ontwikkeling en Spiritualiteit gegaan. Daar leren magnetiseren, aura&#8217;s lezen, intu\u00eftief tekenen, psychometrie. Het zaadje was geplant. Ik was ge\u00efnteresseerd in meer. Door de jaren heen heb ik diverse workshops, cursussen en opleidingen gevolgd, ik combineer de\u00a0 technieken waar het kan met &hellip; <\/p>\n<p class=\"link-more\"><a href=\"https:\/\/www.luisterend-hart.nl\/?page_id=37\" class=\"more-link\">Lees verder <span class=\"screen-reader-text\">&#8220;Healingmethodes&#8221;<\/span><\/a><\/p>\n","protected":false},"author":1,"featured_media":0,"parent":0,"menu_order":0,"comment_status":"closed","ping_status":"closed","template":"","meta":{"footnotes":""},"class_list":["post-37","page","type-page","status-publish","hentry"],"_links":{"self":[{"href":"https:\/\/www.luisterend-hart.nl\/index.php?rest_route=\/wp\/v2\/pages\/37","targetHints":{"allow":["GET"]}}],"collection":[{"href":"https:\/\/www.luisterend-hart.nl\/index.php?rest_route=\/wp\/v2\/pages"}],"about":[{"href":"https:\/\/www.luisterend-hart.nl\/index.php?rest_route=\/wp\/v2\/types\/page"}],"author":[{"embeddable":true,"href":"https:\/\/www.luisterend-hart.nl\/index.php?rest_route=\/wp\/v2\/users\/1"}],"replies":[{"embeddable":true,"href":"https:\/\/www.luisterend-hart.nl\/index.php?rest_route=%2Fwp%2Fv2%2Fcomments&post=37"}],"version-history":[{"count":18,"href":"https:\/\/www.luisterend-hart.nl\/index.php?rest_route=\/wp\/v2\/pages\/37\/revisions"}],"predecessor-version":[{"id":442,"href":"https:\/\/www.luisterend-hart.nl\/index.php?rest_route=\/wp\/v2\/pages\/37\/revisions\/442"}],"wp:attachment":[{"href":"https:\/\/www.luisterend-hart.nl\/index.php?rest_route=%2Fwp%2Fv2%2Fmedia&parent=37"}],"curies":[{"name":"wp","href":"https:\/\/api.w.org\/{rel}","templated":true}]}}